{"id":96,"date":"2025-10-22T20:08:31","date_gmt":"2025-10-22T18:08:31","guid":{"rendered":"https:\/\/psychotherapie-hanshans.de\/?page_id=2\/?page_id=96"},"modified":"2025-10-22T20:14:22","modified_gmt":"2025-10-22T18:14:22","slug":"profil","status":"publish","type":"page","link":"https:\/\/psychotherapie-hanshans.de\/?page_id=96","title":{"rendered":"Profil"},"content":{"rendered":"\n<div class=\"wp-block-group alignfull has-global-padding is-layout-constrained wp-block-group-is-layout-constrained\" style=\"margin-bottom:var(--wp--preset--spacing--50)\">\n<div class=\"wp-block-cover alignfull is-light\" style=\"padding-top:var(--wp--preset--spacing--30);padding-right:var(--wp--preset--spacing--30);padding-bottom:var(--wp--preset--spacing--30);padding-left:var(--wp--preset--spacing--30);min-height:50px;aspect-ratio:unset;\"><img loading=\"lazy\" decoding=\"async\" width=\"1024\" height=\"547\" class=\"wp-block-cover__image-background wp-image-12 size-large\" alt=\"\" src=\"https:\/\/psychotherapie-hanshans.de\/wp-content\/uploads\/2025\/10\/DSCN5581_web-2048x1093-1-1024x547.jpg\" data-object-fit=\"cover\" srcset=\"https:\/\/psychotherapie-hanshans.de\/wp-content\/uploads\/2025\/10\/DSCN5581_web-2048x1093-1-1024x547.jpg 1024w, https:\/\/psychotherapie-hanshans.de\/wp-content\/uploads\/2025\/10\/DSCN5581_web-2048x1093-1-300x160.jpg 300w, https:\/\/psychotherapie-hanshans.de\/wp-content\/uploads\/2025\/10\/DSCN5581_web-2048x1093-1-768x410.jpg 768w, https:\/\/psychotherapie-hanshans.de\/wp-content\/uploads\/2025\/10\/DSCN5581_web-2048x1093-1-1536x820.jpg 1536w, https:\/\/psychotherapie-hanshans.de\/wp-content\/uploads\/2025\/10\/DSCN5581_web-2048x1093-1.jpg 2048w\" sizes=\"auto, (max-width: 1024px) 100vw, 1024px\" \/><span aria-hidden=\"true\" class=\"wp-block-cover__background has-background-dim-0 has-background-dim has-background-gradient\" style=\"background:linear-gradient(0deg,rgba(255,255,255,0) 0%,rgb(1,1,1) 26%,rgba(255,255,255,0) 56%)\"><\/span><div class=\"wp-block-cover__inner-container is-layout-flow wp-block-cover-is-layout-flow\">\n<div style=\"height:186px\" aria-hidden=\"true\" class=\"wp-block-spacer\"><\/div>\n\n\n\n<h2 class=\"wp-block-heading has-text-align-center has-base-color has-text-color has-link-color wp-elements-91bab989e5d953fce539c576b71ca307\">Wie sch\u00f6n, dass Sie den Weg zu mir gefunden haben.<\/h2>\n\n\n\n<p class=\"has-text-align-center has-base-color has-text-color has-link-color wp-elements-8e87c06d95973336fe9fa0777f276e3d\">M.Sc.-Psych. Sophie Hanshans<\/p>\n\n\n\n<div style=\"height:22px\" aria-hidden=\"true\" class=\"wp-block-spacer\"><\/div>\n<\/div><\/div>\n<\/div>\n\n\n\n<blockquote class=\"wp-block-quote is-layout-flow wp-block-quote-is-layout-flow\">\n<p>Wer bin ich, was macht mich und meine Arbeit aus?<\/p>\n<\/blockquote>\n\n\n\n<div class=\"wp-block-columns is-layout-flex wp-container-core-columns-is-layout-28f84493 wp-block-columns-is-layout-flex\">\n<div class=\"wp-block-column is-layout-flow wp-block-column-is-layout-flow\" style=\"flex-basis:66.66%\">\n<p>Die Frage ist gar nicht so leicht zu beantworten, denn selbst, wenn ich beginne mich selbst zu beschreiben, g\u00e4be es wohl viele unterschiedliche Charakterbeschreibungen. Ich w\u00fcrde sagen, ich bin eine Therapeutin, die Ihren Beruf liebt und die durch die Arbeit mit ihren Patient*innen sowie eigener Selbsterfahrung mit den H\u00f6hen und Tiefen des Lebens konfrontiert wurde. Schon lange ist mir daf\u00fcr das Bild einer Feder im Kopf, eine Feder die Geschichten schreibt, die f\u00fcr Leichtigkeit steht, eine Feder aus der Fl\u00fcgel entstehen. Ich w\u00fcrde sagen, dass ich keine Diagnosen sondern Menschen behandle. Ich m\u00f6chte meine Therapien an die Patienten anpassen und nicht andersherum. Um es mit den Worten von Milton Erickson zu beschreiben:<\/p>\n<\/div>\n\n\n\n<div class=\"wp-block-column is-layout-flow wp-block-column-is-layout-flow\" style=\"flex-basis:33.33%\">\n<figure class=\"wp-block-image size-large\"><img loading=\"lazy\" decoding=\"async\" width=\"683\" height=\"1024\" src=\"https:\/\/psychotherapie-hanshans.de\/wp-content\/uploads\/2025\/10\/W1_72A9966_web-scaled-1-683x1024.jpg\" alt=\"\" class=\"wp-image-8\" srcset=\"https:\/\/psychotherapie-hanshans.de\/wp-content\/uploads\/2025\/10\/W1_72A9966_web-scaled-1-683x1024.jpg 683w, https:\/\/psychotherapie-hanshans.de\/wp-content\/uploads\/2025\/10\/W1_72A9966_web-scaled-1-200x300.jpg 200w, https:\/\/psychotherapie-hanshans.de\/wp-content\/uploads\/2025\/10\/W1_72A9966_web-scaled-1-768x1151.jpg 768w, https:\/\/psychotherapie-hanshans.de\/wp-content\/uploads\/2025\/10\/W1_72A9966_web-scaled-1-1025x1536.jpg 1025w, https:\/\/psychotherapie-hanshans.de\/wp-content\/uploads\/2025\/10\/W1_72A9966_web-scaled-1-1366x2048.jpg 1366w, https:\/\/psychotherapie-hanshans.de\/wp-content\/uploads\/2025\/10\/W1_72A9966_web-scaled-1.jpg 1708w\" sizes=\"auto, (max-width: 683px) 100vw, 683px\" \/><\/figure>\n<\/div>\n<\/div>\n\n\n\n<blockquote class=\"wp-block-quote is-layout-flow wp-block-quote-is-layout-flow\">\n<p>\u201eJeder Mensch ist ein Individuum. Die Psychotherapie sollte deshalb so definiert werden, dass sie der Einzigartigkeit der Bed\u00fcrfnisse eines Individuums gerecht wird, statt den Menschen so zurechtzustutzen, dass er in das Prokrustesbett einer hypothetischen Theorie vom menschlichen Verhalten passt.\u201c (Erickson 1979).<\/p>\n<\/blockquote>\n\n\n\n<div class=\"wp-block-group alignfull has-global-padding is-layout-constrained wp-block-group-is-layout-constrained\" style=\"margin-bottom:var(--wp--preset--spacing--50)\">\n<div class=\"wp-block-cover alignfull\" style=\"padding-top:var(--wp--preset--spacing--30);padding-right:var(--wp--preset--spacing--30);padding-bottom:var(--wp--preset--spacing--30);padding-left:var(--wp--preset--spacing--30);min-height:216px;aspect-ratio:unset;\"><img loading=\"lazy\" decoding=\"async\" width=\"1024\" height=\"768\" class=\"wp-block-cover__image-background wp-image-14 size-large\" alt=\"\" src=\"https:\/\/psychotherapie-hanshans.de\/wp-content\/uploads\/2025\/10\/20210913_174051_web-2048x1536-1-1024x768.jpg\" style=\"object-position:50% 20%\" data-object-fit=\"cover\" data-object-position=\"50% 20%\" srcset=\"https:\/\/psychotherapie-hanshans.de\/wp-content\/uploads\/2025\/10\/20210913_174051_web-2048x1536-1-1024x768.jpg 1024w, https:\/\/psychotherapie-hanshans.de\/wp-content\/uploads\/2025\/10\/20210913_174051_web-2048x1536-1-300x225.jpg 300w, https:\/\/psychotherapie-hanshans.de\/wp-content\/uploads\/2025\/10\/20210913_174051_web-2048x1536-1-768x576.jpg 768w, https:\/\/psychotherapie-hanshans.de\/wp-content\/uploads\/2025\/10\/20210913_174051_web-2048x1536-1-1536x1152.jpg 1536w, https:\/\/psychotherapie-hanshans.de\/wp-content\/uploads\/2025\/10\/20210913_174051_web-2048x1536-1.jpg 2048w\" sizes=\"auto, (max-width: 1024px) 100vw, 1024px\" \/><span aria-hidden=\"true\" class=\"wp-block-cover__background has-background-dim-0 has-background-dim has-background-gradient\" style=\"background:linear-gradient(0deg,rgba(255,255,255,0) 0%,rgb(1,1,1) 26%,rgba(255,255,255,0) 56%)\"><\/span><div class=\"wp-block-cover__inner-container is-layout-flow wp-block-cover-is-layout-flow\">\n<h2 class=\"wp-block-heading has-text-align-center has-base-color has-text-color has-link-color wp-elements-e57e7b0a47cbec77376fda300aed7ae1\">Beruflicher Werdegang<\/h2>\n\n\n\n<p class=\"has-text-align-center has-base-color has-text-color has-link-color wp-elements-8e87c06d95973336fe9fa0777f276e3d\">M.Sc.-Psych. Sophie Hanshans<\/p>\n<\/div><\/div>\n<\/div>\n\n\n\n<p><strong>Seit 2024<\/strong> in eigener Praxis f\u00fcr Psychotherapie<\/p>\n\n\n\n<p><strong>seit 2025 <\/strong>Dozentin am Ausbildungsinstitut der Arbeitsgemeinschaft f\u00fcr Verhaltensmodifikation AVM<\/p>\n\n\n\n<p><strong>2025<\/strong> Zusatzqualifikation Psychotherapie bei Kindern und Jugendlichen<\/p>\n\n\n\n<p><strong>2025 <\/strong>Zusatzqualifikation in Mehrphasig Integrativer Traumatherapie<\/p>\n\n\n\n<p><strong>2023-2024 <\/strong>Psychologische Psychotherapeutin bei 100Fears Privatpraxis f\u00fcr Psychotherapie<\/p>\n\n\n\n<p><strong>2023<\/strong> Approbation als <strong>Psychologische Psychotherapeutin <\/strong>und Eintragung in das Arztregister der Kassen\u00e4rztlichen Vereinigung Bayerns<\/p>\n\n\n\n<p><strong>2023 <\/strong>Zusatzqualifikation Psychotherapie als Gruppenbehandlung<\/p>\n\n\n\n<p><strong>2023<\/strong> Zusatzqualifikation \u00dcbende und suggestive Interventionen (autogenes Training, Jacobsonsche Relaxationstherapie, Hypnose)<\/p>\n\n\n\n<p><strong>seit 2020<\/strong> Psychotherapeutische T\u00e4tigkeit in der Ambulanz der Arbeitsgemeinschaft f\u00fcr Verhaltensmodifikation \u2013 Ausbildungs\u00adinstitut M\u00fcnchen\/Regensburg AVM gGmbH<\/p>\n\n\n\n<p><strong>seit 2020<\/strong> Wissenschaftliche Mitarbeiterin am Institut f\u00fcr Medizinische Psychologie der Ludwig-Maximilians-Universit\u00e4t M\u00fcnchen<\/p>\n\n\n\n<p><strong>2019<\/strong> Studium der Humanmedizin an der Ludwig-Maximilians- Universit\u00e4t M\u00fcnchen sowie der Technischen Universit\u00e4t M\u00fcnchen<\/p>\n\n\n\n<p><strong>2019<\/strong> Psychotherapeutische T\u00e4tigkeit in der Christian Doppler Klinik, Tagesklinik des Sozialpsychiatrischen Zentrums, Salzburg<\/p>\n\n\n\n<p><strong>2017-2019 <\/strong>Psychotherapeutische T\u00e4tigkeit in der Sch\u00f6n Klinik Berchtesgadener Land, Psychosomatische Klinik, Sch\u00f6nau am K\u00f6nigssee<\/p>\n\n\n\n<p><strong>2011-2016 <\/strong>Bachelor- und Masterstudium der Psychologie im offenen Spezialisierungsbereich an der Paris Lodron Universit\u00e4t Salzburg<\/p>\n\n\n\n<h2 class=\"wp-block-heading\">Mitgliedschaften<\/h2>\n\n\n\n<ul class=\"wp-block-list\">\n<li>Mitglied in der<strong> Psychotherapeutenkammer Bayern (PTK Bayern)<\/strong><\/li>\n\n\n\n<li>Mitglied bei <strong>Mensa in Deutschland e. V.<\/strong><\/li>\n<\/ul>\n","protected":false},"excerpt":{"rendered":"<p>Wer bin ich, was macht mich und meine Arbeit aus? Die Frage ist gar nicht so leicht zu beantworten, denn selbst, wenn ich beginne mich selbst zu beschreiben, g\u00e4be es wohl viele unterschiedliche Charakterbeschreibungen. Ich w\u00fcrde sagen, ich bin eine Therapeutin, die Ihren Beruf liebt und die durch die Arbeit mit ihren Patient*innen sowie eigener [&hellip;]<\/p>\n","protected":false},"author":1,"featured_media":0,"parent":0,"menu_order":0,"comment_status":"closed","ping_status":"closed","template":"","meta":{"footnotes":""},"class_list":["post-96","page","type-page","status-publish","hentry"],"_links":{"self":[{"href":"https:\/\/psychotherapie-hanshans.de\/index.php?rest_route=\/wp\/v2\/pages\/96","targetHints":{"allow":["GET"]}}],"collection":[{"href":"https:\/\/psychotherapie-hanshans.de\/index.php?rest_route=\/wp\/v2\/pages"}],"about":[{"href":"https:\/\/psychotherapie-hanshans.de\/index.php?rest_route=\/wp\/v2\/types\/page"}],"author":[{"embeddable":true,"href":"https:\/\/psychotherapie-hanshans.de\/index.php?rest_route=\/wp\/v2\/users\/1"}],"replies":[{"embeddable":true,"href":"https:\/\/psychotherapie-hanshans.de\/index.php?rest_route=%2Fwp%2Fv2%2Fcomments&post=96"}],"version-history":[{"count":3,"href":"https:\/\/psychotherapie-hanshans.de\/index.php?rest_route=\/wp\/v2\/pages\/96\/revisions"}],"predecessor-version":[{"id":101,"href":"https:\/\/psychotherapie-hanshans.de\/index.php?rest_route=\/wp\/v2\/pages\/96\/revisions\/101"}],"wp:attachment":[{"href":"https:\/\/psychotherapie-hanshans.de\/index.php?rest_route=%2Fwp%2Fv2%2Fmedia&parent=96"}],"curies":[{"name":"wp","href":"https:\/\/api.w.org\/{rel}","templated":true}]}}