{"id":63,"date":"2025-10-22T14:02:46","date_gmt":"2025-10-22T12:02:46","guid":{"rendered":"https:\/\/psychotherapie-hanshans.de\/?page_id=63"},"modified":"2025-10-22T19:50:01","modified_gmt":"2025-10-22T17:50:01","slug":"ablauf","status":"publish","type":"page","link":"https:\/\/psychotherapie-hanshans.de\/?page_id=63","title":{"rendered":"Ablauf"},"content":{"rendered":"\n<div class=\"wp-block-group alignfull has-global-padding is-layout-constrained wp-block-group-is-layout-constrained\" style=\"margin-bottom:var(--wp--preset--spacing--50)\">\n<div class=\"wp-block-cover alignfull\" style=\"padding-top:var(--wp--preset--spacing--30);padding-right:var(--wp--preset--spacing--30);padding-bottom:var(--wp--preset--spacing--30);padding-left:var(--wp--preset--spacing--30);min-height:50px;aspect-ratio:unset;\"><img loading=\"lazy\" decoding=\"async\" width=\"1024\" height=\"768\" class=\"wp-block-cover__image-background wp-image-14 size-large\" alt=\"\" src=\"https:\/\/psychotherapie-hanshans.de\/wp-content\/uploads\/2025\/10\/20210913_174051_web-2048x1536-1-1024x768.jpg\" style=\"object-position:55% 69%\" data-object-fit=\"cover\" data-object-position=\"55% 69%\" srcset=\"https:\/\/psychotherapie-hanshans.de\/wp-content\/uploads\/2025\/10\/20210913_174051_web-2048x1536-1-1024x768.jpg 1024w, https:\/\/psychotherapie-hanshans.de\/wp-content\/uploads\/2025\/10\/20210913_174051_web-2048x1536-1-300x225.jpg 300w, https:\/\/psychotherapie-hanshans.de\/wp-content\/uploads\/2025\/10\/20210913_174051_web-2048x1536-1-768x576.jpg 768w, https:\/\/psychotherapie-hanshans.de\/wp-content\/uploads\/2025\/10\/20210913_174051_web-2048x1536-1-1536x1152.jpg 1536w, https:\/\/psychotherapie-hanshans.de\/wp-content\/uploads\/2025\/10\/20210913_174051_web-2048x1536-1.jpg 2048w\" sizes=\"auto, (max-width: 1024px) 100vw, 1024px\" \/><span aria-hidden=\"true\" class=\"wp-block-cover__background has-background-dim-0 has-background-dim has-background-gradient\" style=\"background:linear-gradient(0deg,rgba(255,255,255,0) 0%,rgb(1,1,1) 26%,rgba(255,255,255,0) 56%)\"><\/span><div class=\"wp-block-cover__inner-container is-layout-flow wp-block-cover-is-layout-flow\">\n<div style=\"height:186px\" aria-hidden=\"true\" class=\"wp-block-spacer\"><\/div>\n\n\n\n<h2 class=\"wp-block-heading has-text-align-center has-base-color has-text-color has-link-color wp-elements-c353c2e58a59beac971c16cf04d6d1e4\">Der Weg zur Therapie<\/h2>\n\n\n\n<p class=\"has-text-align-center has-base-color has-text-color has-link-color wp-elements-8e87c06d95973336fe9fa0777f276e3d\">M.Sc.-Psych. Sophie Hanshans<\/p>\n\n\n\n<div style=\"height:22px\" aria-hidden=\"true\" class=\"wp-block-spacer\"><\/div>\n<\/div><\/div>\n<\/div>\n\n\n\n<blockquote class=\"wp-block-quote is-layout-flow wp-block-quote-is-layout-flow\">\n<p class=\"has-accent-1-color has-text-color has-link-color wp-elements-989f4785564136833f7f118b4e20d57b\">Sie k\u00f6nnen telefonisch unter 0160\/2341246 oder<br>per E-Mail an <a href=\"mailto:info@psychotherapie-hanshans.de\">info@psychotherapie-hanshans.de<\/a><br>Kontakt mit mir aufnehmen.<\/p>\n<\/blockquote>\n\n\n\n<p>Da ich mich w\u00e4hrend der Therapiezeiten ganz auf meine Patienten konzentriere, kann es sein, dass Sie mich nicht auf Anhieb erreichen. Hinterlassen Sie mir gerne eine Nachricht und ich melde mich zeitnah bei Ihnen zur\u00fcck.<\/p>\n\n\n\n<h2 class=\"wp-block-heading\">Erstgespr\u00e4ch<\/h2>\n\n\n\n<p>In einem unverbindlichen 50-min\u00fctigen Erstgespr\u00e4ch haben wir die Gelegenheit, uns gegenseitig kennenzulernen. So k\u00f6nnen Sie herausfinden, ob Sie sich bei mir wohlf\u00fchlen und ob ich die passende Begleitung f\u00fcr Ihr Anliegen bin. Auch ich bekomme einen ersten Eindruck von Ihrer aktuellen Situation und gemeinsam \u00fcberlegen wir, welches weitere Vorgehen f\u00fcr Sie am besten geeignet ist.<\/p>\n\n\n\n<ul class=\"wp-block-list\">\n<li>Die <strong>Einzeltherapiesitzungen<\/strong> dauern in der Regel 50 Minuten und finden einmal w\u00f6chentlich statt. Auf Wunsch k\u00f6nnen auch wichtige Bezugspersonen, wie Partner oder Partnerinnen, an einzelnen Sitzungen teilnehmen. Die H\u00e4ufigkeit und Dauer der Therapie richten sich ganz nach Ihren Anliegen, Ihren Beschwerden sowie den Vorgaben Ihrer Krankenkasse oder Ihrem Budget. Eine Kurzzeittherapie umfasst etwa 12 bis 25 Stunden, eine Langzeittherapie etwa 45 bis 60 Stunden.<\/li>\n\n\n\n<li><strong>Videosprechstunden<\/strong> k\u00f6nnen bei langen Anfahrtswegen, Auslandsaufenthalten, Erkrankungsf\u00e4llen oder anderen Ereignissen eine Alternative zum Praxisbesuch sein. Wenn es Ihnen also einmal nicht m\u00f6glich sein sollte, pers\u00f6nlich in die Praxis zu kommen, hat sich die Online-Therapie per Videochat als Alternative bew\u00e4hrt. Sie ben\u00f6tigen dazu lediglich ein internetf\u00e4higes Smartphone, Tablet oder einen Computer. Die Videosprechstunde wird \u00fcber einen von der kassen\u00e4rztlichen Bundesvereinigung zertifizierten Anbieter (z.B. red medical) \u00fcber eine gesch\u00fctzte Datenverbindung durchgef\u00fchrt.<\/li>\n<\/ul>\n\n\n\n<div style=\"height:39px\" aria-hidden=\"true\" class=\"wp-block-spacer\"><\/div>\n\n\n\n<div class=\"wp-block-buttons is-content-justification-center is-layout-flex wp-container-core-buttons-is-layout-a89b3969 wp-block-buttons-is-layout-flex\">\n<div class=\"wp-block-button\"><a class=\"wp-block-button__link wp-element-button\" href=\"https:\/\/psychotherapie-hanshans.de\/?page_id=58\">Kontakt<\/a><\/div>\n<\/div>\n\n\n\n<div style=\"height:51px\" aria-hidden=\"true\" class=\"wp-block-spacer\"><\/div>\n\n\n\n<h2 class=\"wp-block-heading\">Informationen zu Krankenkassen und Beihilfe<\/h2>\n\n\n\n<p><strong>Private Krankenkassen<br><\/strong>Private Krankenkassen \u00fcbernehmen in der Regel \u2013 je nach Tarif \u2013 einen Teil oder sogar die gesamten Kosten f\u00fcr eine Psychotherapie. Damit Sie genau wissen, in welchem Umfang die Kosten erstattet werden, empfehle ich Ihnen, sich vor Beginn der Therapie direkt mit Ihrer Versicherung in Verbindung zu setzen. So k\u00f6nnen Sie die genauen Konditionen und Bedingungen Ihres Vertrags kl\u00e4ren.&nbsp; Ich unterst\u00fctze Sie gerne bei Fragen zur Kosten\u00fcbernahme und Beantragung der Psychotherapie.<br><br>\u200b\u200b<strong>Beihilfe<br><\/strong>\u200b Beihilfeversicherte und Bundeswehrangeh\u00f6rige haben ebenfalls die M\u00f6glichkeit, die Kosten f\u00fcr eine Behandlung in einer Privatpraxis erstattet zu bekommen. In der Regel ist die Kosten\u00fcbernahme f\u00fcr Psychotherapie problemlos m\u00f6glich. Es kann jedoch sein, dass nur ein Teil der Geb\u00fchren \u00fcbernommen wird, also eine anteilige Erstattung. Daher empfehle ich Ihnen, sich vorab bei Ihrer Krankenversicherung zu informieren, um genau zu erfahren, welche Kosten \u00fcbernommen werden.<\/p>\n\n\n\n<p><strong>Gesetzliche Krankenkassen<\/strong><br>Sie haben die M\u00f6glichkeit, bei Ihrer Krankenkasse einen Antrag auf Kostenerstattung zu stellen. Was ist das Kostenerstattungsverfahren? Jede gesetzlich versicherte Person hat grunds\u00e4tzlich Anspruch auf eine bedarfsgerechte, fl\u00e4chendeckende sowie wohnortnahe Versorgung, dazu geh\u00f6rt auch die Psychotherapie. Allerdings kommt es aufgrund von Versorgungsengp\u00e4ssen immer wieder vor, dass es schwierig ist, einen Termin bei Psychotherapeuten mit Kassenzulassung zu bekommen. Besonders problematisch ist eine Wartezeit von mehr als drei Monaten, die in der Regel als unzumutbar gilt.<br><br>In solchen F\u00e4llen haben gesetzlich Versicherte laut \u00a7 13 Absatz 3 des F\u00fcnftes Sozialgesetzbuch (SGB V) die M\u00f6glichkeit, sich die ben\u00f6tigte Psychotherapie selbst zu besorgen und in einer Privatpraxis behandeln zu lassen \u2013 also bei einem Psychotherapeuten oder einer Psychotherapeutin mit Approbation, aber ohne Kassenzulassung.<br><br>N\u00e4heres erfahren Sie bei der <a href=\"https:\/\/www.kvb.de\/service\/patienten\/koordinationsstelle-psychotherapie\/\">Koordinationsstelle Psychotherapie<\/a> bzw. der <a href=\"https:\/\/www.kvb.de\/service\/patienten\/psychotherapeutische-versorgung\/\">Terminservicestelle<\/a>.&nbsp;Gerne kann ich Sie hierbei auch unterst\u00fctzen.\u200b<\/p>\n\n\n\n<p>&nbsp;<strong>Selbstzahler<\/strong><br>Sie k\u00f6nnen die Kosten Ihrer Behandlung selbstverst\u00e4ndlich selbst \u00fcbernehmen. Dabei haben Sie den Vorteil, dass Ihre Krankenkasse keinerlei Informationen dar\u00fcber erh\u00e4lt, dass Sie eine Psychotherapie in Anspruch nehmen oder welche Diagnosen gestellt wurden. Das kann f\u00fcr manche Menschen sehr vorteilhaft sein, zum Beispiel bei Bewerbungen f\u00fcr den Staatsdienst oder beim Abschluss einer Lebens- oder Berufsunf\u00e4higkeitsversicherung, da dort die hinterlegten Daten gepr\u00fcft werden. Au\u00dferdem entfallen m\u00f6gliche Formalit\u00e4ten und Wartezeiten durch die Antragstellung.<\/p>\n","protected":false},"excerpt":{"rendered":"<p>Sie k\u00f6nnen telefonisch unter 0160\/2341246 oderper E-Mail an info@psychotherapie-hanshans.deKontakt mit mir aufnehmen. Da ich mich w\u00e4hrend der Therapiezeiten ganz auf meine Patienten konzentriere, kann es sein, dass Sie mich nicht auf Anhieb erreichen. Hinterlassen Sie mir gerne eine Nachricht und ich melde mich zeitnah bei Ihnen zur\u00fcck. Erstgespr\u00e4ch In einem unverbindlichen 50-min\u00fctigen Erstgespr\u00e4ch haben wir [&hellip;]<\/p>\n","protected":false},"author":1,"featured_media":0,"parent":0,"menu_order":0,"comment_status":"closed","ping_status":"closed","template":"","meta":{"footnotes":""},"class_list":["post-63","page","type-page","status-publish","hentry"],"_links":{"self":[{"href":"https:\/\/psychotherapie-hanshans.de\/index.php?rest_route=\/wp\/v2\/pages\/63","targetHints":{"allow":["GET"]}}],"collection":[{"href":"https:\/\/psychotherapie-hanshans.de\/index.php?rest_route=\/wp\/v2\/pages"}],"about":[{"href":"https:\/\/psychotherapie-hanshans.de\/index.php?rest_route=\/wp\/v2\/types\/page"}],"author":[{"embeddable":true,"href":"https:\/\/psychotherapie-hanshans.de\/index.php?rest_route=\/wp\/v2\/users\/1"}],"replies":[{"embeddable":true,"href":"https:\/\/psychotherapie-hanshans.de\/index.php?rest_route=%2Fwp%2Fv2%2Fcomments&post=63"}],"version-history":[{"count":3,"href":"https:\/\/psychotherapie-hanshans.de\/index.php?rest_route=\/wp\/v2\/pages\/63\/revisions"}],"predecessor-version":[{"id":95,"href":"https:\/\/psychotherapie-hanshans.de\/index.php?rest_route=\/wp\/v2\/pages\/63\/revisions\/95"}],"wp:attachment":[{"href":"https:\/\/psychotherapie-hanshans.de\/index.php?rest_route=%2Fwp%2Fv2%2Fmedia&parent=63"}],"curies":[{"name":"wp","href":"https:\/\/api.w.org\/{rel}","templated":true}]}}