{"id":58,"date":"2025-10-22T13:53:52","date_gmt":"2025-10-22T11:53:52","guid":{"rendered":"https:\/\/psychotherapie-hanshans.de\/?page_id=58"},"modified":"2025-10-22T14:06:48","modified_gmt":"2025-10-22T12:06:48","slug":"kontakt","status":"publish","type":"page","link":"https:\/\/psychotherapie-hanshans.de\/?page_id=58","title":{"rendered":"Kontakt"},"content":{"rendered":"\n<div class=\"wp-block-group alignfull has-global-padding is-layout-constrained wp-block-group-is-layout-constrained\" style=\"margin-bottom:var(--wp--preset--spacing--50)\">\n<div class=\"wp-block-cover alignfull\" style=\"padding-top:var(--wp--preset--spacing--30);padding-right:var(--wp--preset--spacing--30);padding-bottom:var(--wp--preset--spacing--30);padding-left:var(--wp--preset--spacing--30);min-height:50px;aspect-ratio:unset;\"><img loading=\"lazy\" decoding=\"async\" width=\"1024\" height=\"768\" class=\"wp-block-cover__image-background wp-image-15 size-large\" alt=\"\" src=\"https:\/\/psychotherapie-hanshans.de\/wp-content\/uploads\/2025\/10\/20220920_123813_web-2048x1536-1-1024x768.jpg\" style=\"object-position:58% 73%\" data-object-fit=\"cover\" data-object-position=\"58% 73%\" srcset=\"https:\/\/psychotherapie-hanshans.de\/wp-content\/uploads\/2025\/10\/20220920_123813_web-2048x1536-1-1024x768.jpg 1024w, https:\/\/psychotherapie-hanshans.de\/wp-content\/uploads\/2025\/10\/20220920_123813_web-2048x1536-1-300x225.jpg 300w, https:\/\/psychotherapie-hanshans.de\/wp-content\/uploads\/2025\/10\/20220920_123813_web-2048x1536-1-768x576.jpg 768w, https:\/\/psychotherapie-hanshans.de\/wp-content\/uploads\/2025\/10\/20220920_123813_web-2048x1536-1-1536x1152.jpg 1536w, https:\/\/psychotherapie-hanshans.de\/wp-content\/uploads\/2025\/10\/20220920_123813_web-2048x1536-1.jpg 2048w\" sizes=\"auto, (max-width: 1024px) 100vw, 1024px\" \/><span aria-hidden=\"true\" class=\"wp-block-cover__background has-background-dim-0 has-background-dim has-background-gradient\" style=\"background:linear-gradient(0deg,rgba(255,255,255,0) 0%,rgb(1,1,1) 26%,rgba(255,255,255,0) 56%)\"><\/span><div class=\"wp-block-cover__inner-container is-layout-flow wp-block-cover-is-layout-flow\">\n<div style=\"height:186px\" aria-hidden=\"true\" class=\"wp-block-spacer\"><\/div>\n\n\n\n<h2 class=\"wp-block-heading has-text-align-center has-base-color has-text-color has-link-color wp-elements-5d3fd2af9a9b4cd7d67adc55e6c707ca\">Kontakt<\/h2>\n\n\n\n<p class=\"has-text-align-center has-base-color has-text-color has-link-color wp-elements-8e87c06d95973336fe9fa0777f276e3d\">M.Sc.-Psych. Sophie Hanshans<\/p>\n\n\n\n<div style=\"height:22px\" aria-hidden=\"true\" class=\"wp-block-spacer\"><\/div>\n<\/div><\/div>\n<\/div>\n\n\n\n<blockquote class=\"wp-block-quote is-layout-flow wp-block-quote-is-layout-flow\">\n<p>Sie k\u00f6nnen telefonisch oder per E-Mail Kontakt mit mir aufnehmen. Da ich mich w\u00e4hrend der Therapiezeiten ganz auf meine Patienten konzentriere, kann es sein, dass Sie mich nicht auf Anhieb erreichen. Hinterlassen Sie mir gerne eine Nachricht und ich melde mich zeitnah bei Ihnen zur\u00fcck.<\/p>\n<\/blockquote>\n\n\n\n<figure class=\"wp-block-image size-large is-resized\"><img loading=\"lazy\" decoding=\"async\" width=\"1024\" height=\"258\" src=\"https:\/\/psychotherapie-hanshans.de\/wp-content\/uploads\/2025\/10\/orange_PHH_logo-2048x515-1-1024x258.png\" alt=\"\" class=\"wp-image-13\" style=\"width:392px;height:auto\" srcset=\"https:\/\/psychotherapie-hanshans.de\/wp-content\/uploads\/2025\/10\/orange_PHH_logo-2048x515-1-1024x258.png 1024w, https:\/\/psychotherapie-hanshans.de\/wp-content\/uploads\/2025\/10\/orange_PHH_logo-2048x515-1-300x75.png 300w, https:\/\/psychotherapie-hanshans.de\/wp-content\/uploads\/2025\/10\/orange_PHH_logo-2048x515-1-768x193.png 768w, https:\/\/psychotherapie-hanshans.de\/wp-content\/uploads\/2025\/10\/orange_PHH_logo-2048x515-1-1536x386.png 1536w, https:\/\/psychotherapie-hanshans.de\/wp-content\/uploads\/2025\/10\/orange_PHH_logo-2048x515-1.png 2048w\" sizes=\"auto, (max-width: 1024px) 100vw, 1024px\" \/><\/figure>\n\n\n\n<p><strong>Psychotherapie Hanshans<\/strong><br>M.Sc.-Psych. Sophie Hanshans<br>Orleansstra\u00dfe 45 A<br><strong>81667 M\u00fcnchen<\/strong><br>+49 160 2341246<br><a href=\"mailto:info@psychotherapie-hanshans.de\">info@psychotherapie-hanshans.de<\/a>&nbsp;<\/p>\n\n\n\n<blockquote class=\"wp-block-quote is-layout-flow wp-block-quote-is-layout-flow\">\n<p>Im Falle einer akuten Verschlechterung Ihres Zustandes,<br>k\u00f6nnen Sie sich an den Krisendienst (+49 800 655 3000)<br>oder an eine entsprechende Versorgungsstelle wie z. B. Klinik mit psychiatrischer Abteilung, \u00e4rztlichen (psychiatrischen) Bereitschaftsdienst (Tel.: 116 117) wenden.<\/p>\n\n\n\n<p class=\"has-accent-1-color has-text-color has-link-color wp-elements-79d84f7552ba19ff2294bf0038b89e3e\"><strong>Notruf (Feuerwehr und Rettungsdienst): 112<\/strong><\/p>\n<\/blockquote>\n","protected":false},"excerpt":{"rendered":"<p>Sie k\u00f6nnen telefonisch oder per E-Mail Kontakt mit mir aufnehmen. Da ich mich w\u00e4hrend der Therapiezeiten ganz auf meine Patienten konzentriere, kann es sein, dass Sie mich nicht auf Anhieb erreichen. Hinterlassen Sie mir gerne eine Nachricht und ich melde mich zeitnah bei Ihnen zur\u00fcck. Psychotherapie HanshansM.Sc.-Psych. Sophie HanshansOrleansstra\u00dfe 45 A81667 M\u00fcnchen+49 160 2341246info@psychotherapie-hanshans.de&nbsp; Im [&hellip;]<\/p>\n","protected":false},"author":1,"featured_media":0,"parent":0,"menu_order":0,"comment_status":"closed","ping_status":"closed","template":"","meta":{"footnotes":""},"class_list":["post-58","page","type-page","status-publish","hentry"],"_links":{"self":[{"href":"https:\/\/psychotherapie-hanshans.de\/index.php?rest_route=\/wp\/v2\/pages\/58","targetHints":{"allow":["GET"]}}],"collection":[{"href":"https:\/\/psychotherapie-hanshans.de\/index.php?rest_route=\/wp\/v2\/pages"}],"about":[{"href":"https:\/\/psychotherapie-hanshans.de\/index.php?rest_route=\/wp\/v2\/types\/page"}],"author":[{"embeddable":true,"href":"https:\/\/psychotherapie-hanshans.de\/index.php?rest_route=\/wp\/v2\/users\/1"}],"replies":[{"embeddable":true,"href":"https:\/\/psychotherapie-hanshans.de\/index.php?rest_route=%2Fwp%2Fv2%2Fcomments&post=58"}],"version-history":[{"count":4,"href":"https:\/\/psychotherapie-hanshans.de\/index.php?rest_route=\/wp\/v2\/pages\/58\/revisions"}],"predecessor-version":[{"id":69,"href":"https:\/\/psychotherapie-hanshans.de\/index.php?rest_route=\/wp\/v2\/pages\/58\/revisions\/69"}],"wp:attachment":[{"href":"https:\/\/psychotherapie-hanshans.de\/index.php?rest_route=%2Fwp%2Fv2%2Fmedia&parent=58"}],"curies":[{"name":"wp","href":"https:\/\/api.w.org\/{rel}","templated":true}]}}