{"id":53,"date":"2025-10-22T13:49:31","date_gmt":"2025-10-22T11:49:31","guid":{"rendered":"https:\/\/psychotherapie-hanshans.de\/?page_id=53"},"modified":"2025-10-22T20:26:25","modified_gmt":"2025-10-22T18:26:25","slug":"behandlungsangebot","status":"publish","type":"page","link":"https:\/\/psychotherapie-hanshans.de\/?page_id=53","title":{"rendered":"Behandlungsangebot"},"content":{"rendered":"\n<div class=\"wp-block-group alignfull has-global-padding is-layout-constrained wp-block-group-is-layout-constrained\" style=\"margin-bottom:var(--wp--preset--spacing--50)\">\n<div class=\"wp-block-cover alignfull is-light\" style=\"padding-top:var(--wp--preset--spacing--30);padding-right:var(--wp--preset--spacing--30);padding-bottom:var(--wp--preset--spacing--30);padding-left:var(--wp--preset--spacing--30);min-height:50px;aspect-ratio:unset;\"><img loading=\"lazy\" decoding=\"async\" width=\"1024\" height=\"768\" class=\"wp-block-cover__image-background wp-image-11 size-large\" alt=\"\" src=\"https:\/\/psychotherapie-hanshans.de\/wp-content\/uploads\/2025\/10\/20210806_202954_web-2048x1536-1-1024x768.jpg\" data-object-fit=\"cover\" srcset=\"https:\/\/psychotherapie-hanshans.de\/wp-content\/uploads\/2025\/10\/20210806_202954_web-2048x1536-1-1024x768.jpg 1024w, https:\/\/psychotherapie-hanshans.de\/wp-content\/uploads\/2025\/10\/20210806_202954_web-2048x1536-1-300x225.jpg 300w, https:\/\/psychotherapie-hanshans.de\/wp-content\/uploads\/2025\/10\/20210806_202954_web-2048x1536-1-768x576.jpg 768w, https:\/\/psychotherapie-hanshans.de\/wp-content\/uploads\/2025\/10\/20210806_202954_web-2048x1536-1-1536x1152.jpg 1536w, https:\/\/psychotherapie-hanshans.de\/wp-content\/uploads\/2025\/10\/20210806_202954_web-2048x1536-1.jpg 2048w\" sizes=\"auto, (max-width: 1024px) 100vw, 1024px\" \/><span aria-hidden=\"true\" class=\"wp-block-cover__background has-background-dim-0 has-background-dim has-background-gradient\" style=\"background:linear-gradient(0deg,rgba(255,255,255,0) 0%,rgb(1,1,1) 26%,rgba(255,255,255,0) 56%)\"><\/span><div class=\"wp-block-cover__inner-container is-layout-flow wp-block-cover-is-layout-flow\">\n<div style=\"height:186px\" aria-hidden=\"true\" class=\"wp-block-spacer\"><\/div>\n\n\n\n<h2 class=\"wp-block-heading has-text-align-center has-base-color has-text-color has-link-color wp-elements-5c51516002bb3aeb229bce4c744b4eda\">\u201eWer ein Problem l\u00f6sen will, muss sich vom Problem l\u00f6sen.\u201c<\/h2>\n\n\n\n<p class=\"has-text-align-center has-base-color has-text-color has-link-color wp-elements-fcf217b6723ba11770ba75b52860c8cf\">(R. Bartl)<\/p>\n\n\n\n<div style=\"height:22px\" aria-hidden=\"true\" class=\"wp-block-spacer\"><\/div>\n<\/div><\/div>\n<\/div>\n\n\n\n<blockquote class=\"wp-block-quote is-layout-flow wp-block-quote-is-layout-flow\">\n<p>Als approbierte Psychotherapeutin mit Schwerpunkt Verhaltenstherapie unterst\u00fctze ich Sie gerne bei:<\/p>\n<\/blockquote>\n\n\n\n<ul class=\"wp-block-list\">\n<li>Belastenden Lebenssituationen (z.B. Trennung, Tod eines nahestehenden Menschen, Krankheit)<\/li>\n\n\n\n<li>Affektiven St\u00f6rungen wie z. B. Depression (Niedergeschlagenheit, Antriebslosigkeit, Ersch\u00f6pfung)<\/li>\n\n\n\n<li>Stress \/ Burn-out und beruflichen Problemen (z.B. Mobbing)<\/li>\n\n\n\n<li>\u00c4ngsten \/ Panik (Phobien, Panikattacken, soziale \u00c4ngste \/ Unsicherheiten, Pr\u00fcfungsangst, anhaltende Sorgen und \u00c4ngste)<\/li>\n\n\n\n<li>Zwangserkrankungen (Zwangsgedanken, Zwangshandlungen z.B. Wasch- oder Kontrollzw\u00e4nge)<\/li>\n\n\n\n<li>Akuten Krisensituationen nach belastenden Lebensereignissen (Trennungen, Sinnkrisen, Beziehungsprobleme)<\/li>\n\n\n\n<li>Reaktionen auf traumatische Ereignisse (posttraumatische Belastungsst\u00f6rung)<\/li>\n\n\n\n<li>Somatoformen St\u00f6rungen, psychosomatische Beschwerden und psychische Beschwerden im Zusammenhang mit k\u00f6rperlichen Erkrankungen (u.a. auch chronische Schmerzen, Migr\u00e4ne, Magen-Darm-Probleme)<\/li>\n\n\n\n<li>Schlafst\u00f6rungen (Albtr\u00e4ume, n\u00e4chtliches Erwachen, Durchschlafst\u00f6rungen)<\/li>\n\n\n\n<li>Coaching und Pers\u00f6nlichkeitsentwicklung (Ressourcen finden, Selbstwert st\u00e4rken, eigene Bed\u00fcrfnisse wahrnehmen und ausdr\u00fccken)<\/li>\n<\/ul>\n\n\n\n<div style=\"height:63px\" aria-hidden=\"true\" class=\"wp-block-spacer\"><\/div>\n\n\n\n<div class=\"wp-block-group alignfull has-global-padding is-layout-constrained wp-block-group-is-layout-constrained\" style=\"margin-bottom:var(--wp--preset--spacing--50)\">\n<div class=\"wp-block-cover alignfull is-light\" style=\"padding-top:var(--wp--preset--spacing--30);padding-right:var(--wp--preset--spacing--30);padding-bottom:var(--wp--preset--spacing--30);padding-left:var(--wp--preset--spacing--30);min-height:202px;aspect-ratio:unset;\"><img loading=\"lazy\" decoding=\"async\" width=\"1024\" height=\"768\" class=\"wp-block-cover__image-background wp-image-107 size-large\" alt=\"\" src=\"https:\/\/psychotherapie-hanshans.de\/wp-content\/uploads\/2025\/10\/20230915_165458-1024x768.jpg\" data-object-fit=\"cover\" srcset=\"https:\/\/psychotherapie-hanshans.de\/wp-content\/uploads\/2025\/10\/20230915_165458-1024x768.jpg 1024w, https:\/\/psychotherapie-hanshans.de\/wp-content\/uploads\/2025\/10\/20230915_165458-300x225.jpg 300w, https:\/\/psychotherapie-hanshans.de\/wp-content\/uploads\/2025\/10\/20230915_165458-768x576.jpg 768w, https:\/\/psychotherapie-hanshans.de\/wp-content\/uploads\/2025\/10\/20230915_165458-1536x1152.jpg 1536w, https:\/\/psychotherapie-hanshans.de\/wp-content\/uploads\/2025\/10\/20230915_165458-2048x1536.jpg 2048w\" sizes=\"auto, (max-width: 1024px) 100vw, 1024px\" \/><span aria-hidden=\"true\" class=\"wp-block-cover__background has-background-dim-0 has-background-dim has-background-gradient\" style=\"background:linear-gradient(0deg,rgba(255,255,255,0) 0%,rgb(1,1,1) 26%,rgba(255,255,255,0) 56%)\"><\/span><div class=\"wp-block-cover__inner-container is-layout-flow wp-block-cover-is-layout-flow\">\n<h2 class=\"wp-block-heading has-text-align-center has-base-color has-text-color has-link-color wp-elements-adeff7f684b84b468ab17d9630c6179d\">\u201eProbleme kann man nie durch die selbe Denkweise l\u00f6sen, durch die sie entstanden sind.\u201c<\/h2>\n\n\n\n<p class=\"has-text-align-center has-base-color has-text-color has-link-color wp-elements-188d6a862642db624fc32b3a39c3c16f\">(L. Gottlieb)<\/p>\n<\/div><\/div>\n<\/div>\n\n\n\n<blockquote class=\"wp-block-quote is-layout-flow wp-block-quote-is-layout-flow\">\n<p>Die Grundlage meiner Arbeit bildet die Verhaltenstherapie. Ihre Wirksamkeit ist bei einer Vielzahl von psychischen Problemen wissenschaftlich nachgewiesen.<\/p>\n<\/blockquote>\n\n\n\n<p>Der Kerngedanke der Verhaltenstherapie ist, dass pers\u00f6nliches Verhalten erlernt wird und dass problematisches Verhalten deshalb auch wieder verlernt werden kann. Jedoch ist die Psyche des Menschen sehr komplex und individuell, sodass heute allgemein bekannt ist, dass eine einzige psychotherapeutische Methode nicht ausreicht, um den vielen unterschiedlichen Problemen und Beschwerden von Patientinnen und Patienten gerecht zu werden. Aus diesem Grund arbeite ich neben den klassischen Methoden der Verhaltenstherapie zudem mit integrativen Behandlungsformen.<\/p>\n\n\n\n<div class=\"wp-block-buttons is-content-justification-center is-layout-flex wp-container-core-buttons-is-layout-a89b3969 wp-block-buttons-is-layout-flex\">\n<div class=\"wp-block-button\"><a class=\"wp-block-button__link wp-element-button\" href=\"https:\/\/psychotherapie-hanshans.de\/?page_id=58\">Kontakt<\/a><\/div>\n<\/div>\n","protected":false},"excerpt":{"rendered":"<p>Als approbierte Psychotherapeutin mit Schwerpunkt Verhaltenstherapie unterst\u00fctze ich Sie gerne bei: Die Grundlage meiner Arbeit bildet die Verhaltenstherapie. Ihre Wirksamkeit ist bei einer Vielzahl von psychischen Problemen wissenschaftlich nachgewiesen. Der Kerngedanke der Verhaltenstherapie ist, dass pers\u00f6nliches Verhalten erlernt wird und dass problematisches Verhalten deshalb auch wieder verlernt werden kann. Jedoch ist die Psyche des Menschen [&hellip;]<\/p>\n","protected":false},"author":1,"featured_media":0,"parent":0,"menu_order":0,"comment_status":"closed","ping_status":"closed","template":"","meta":{"footnotes":""},"class_list":["post-53","page","type-page","status-publish","hentry"],"_links":{"self":[{"href":"https:\/\/psychotherapie-hanshans.de\/index.php?rest_route=\/wp\/v2\/pages\/53","targetHints":{"allow":["GET"]}}],"collection":[{"href":"https:\/\/psychotherapie-hanshans.de\/index.php?rest_route=\/wp\/v2\/pages"}],"about":[{"href":"https:\/\/psychotherapie-hanshans.de\/index.php?rest_route=\/wp\/v2\/types\/page"}],"author":[{"embeddable":true,"href":"https:\/\/psychotherapie-hanshans.de\/index.php?rest_route=\/wp\/v2\/users\/1"}],"replies":[{"embeddable":true,"href":"https:\/\/psychotherapie-hanshans.de\/index.php?rest_route=%2Fwp%2Fv2%2Fcomments&post=53"}],"version-history":[{"count":7,"href":"https:\/\/psychotherapie-hanshans.de\/index.php?rest_route=\/wp\/v2\/pages\/53\/revisions"}],"predecessor-version":[{"id":108,"href":"https:\/\/psychotherapie-hanshans.de\/index.php?rest_route=\/wp\/v2\/pages\/53\/revisions\/108"}],"wp:attachment":[{"href":"https:\/\/psychotherapie-hanshans.de\/index.php?rest_route=%2Fwp%2Fv2%2Fmedia&parent=53"}],"curies":[{"name":"wp","href":"https:\/\/api.w.org\/{rel}","templated":true}]}}